{"id":10484,"date":"2024-11-26T15:29:52","date_gmt":"2024-11-26T15:29:52","guid":{"rendered":"https:\/\/www.goguette.com\/?page_id=10484"},"modified":"2024-12-20T15:22:39","modified_gmt":"2024-12-20T15:22:39","slug":"video-tutorial-how-to-change-the-door-opening-direction","status":"publish","type":"page","link":"https:\/\/www.goguette.com\/en\/goguette-tutorial\/video-tutorial-how-to-change-the-door-opening-direction\/","title":{"rendered":"Video Tutorial: how to change the door opening direction"},"content":{"rendered":"\t<!-- Introduction -->\n\t<block id=\"\" class=\"col-span-14 introduction\">\n\t\t<div class=\"grid relative items-end grid-cols-14\">\n\t\t\t<div class=\"col-start-1 col-span-14 lg:col-start-2 lg:col-span-12\">\n\t\t\t\t<block id=\"block_155d6f89f037ed82abea3728fd5c9fe1\" class=\"relative introduction\">\n\t\t\t\t\t<div class=\"absolute top-0 left-0 w-full h-full bg-black bg-opacity-10\"><\/div>\n\t\t\t\t\t\t\t\t\t\t\t\t\t<img loading=\"lazy\" decoding=\"async\" width=\"1920\" height=\"1000\" src=\"https:\/\/www.goguette.com\/wp-content\/uploads\/2023\/12\/cave-a-vin-design-assume-travail-details-color-block-porte-vitree-bureau-etude-goguette-banner.jpg\" class=\"max-h-[288px] min-h-[288px] lg:min-h-[750px] lg:max-h-[750px] object-cover w-full\" alt=\"Le coin d&#039;une cave \u00e0 vin vitr\u00e9e remplie de bouteilles de vin couch\u00e9es\" srcset=\"https:\/\/www.goguette.com\/wp-content\/uploads\/2023\/12\/cave-a-vin-design-assume-travail-details-color-block-porte-vitree-bureau-etude-goguette-banner.jpg 1920w, https:\/\/www.goguette.com\/wp-content\/uploads\/2023\/12\/cave-a-vin-design-assume-travail-details-color-block-porte-vitree-bureau-etude-goguette-banner-300x156.jpg 300w, https:\/\/www.goguette.com\/wp-content\/uploads\/2023\/12\/cave-a-vin-design-assume-travail-details-color-block-porte-vitree-bureau-etude-goguette-banner-1024x533.jpg 1024w, https:\/\/www.goguette.com\/wp-content\/uploads\/2023\/12\/cave-a-vin-design-assume-travail-details-color-block-porte-vitree-bureau-etude-goguette-banner-768x400.jpg 768w, https:\/\/www.goguette.com\/wp-content\/uploads\/2023\/12\/cave-a-vin-design-assume-travail-details-color-block-porte-vitree-bureau-etude-goguette-banner-1536x800.jpg 1536w\" sizes=\"auto, (max-width: 1920px) 100vw, 1920px\" \/>\t\t\t\t\t\t\t\t\t\t\t<\/block>\n\t\t\t<\/div>\n\t\t\t<div class=\"section-heading col-span-14\">\n\t\t\t\t<div class=\"grid grid-cols-14 items-end\">\n\t\t\t\t\t<div class=\"col-start-1 col-span-14 lg:col-start-1 lg:col-span-6\">\n\t\t\t\t\t\t<div class=\"bg-floor pt-[47px] px-[29px] pb-[35px] lg:pb-0 lg:pr-0 lg:pl-[104px] lg:pt-[17px] relative\">\n\t\t\t\t\t\t\t<div class=\"hidden lg:block\">\n\t\t\t\t\t\t\t\t<nav aria-label=\"breadcrumbs\" class=\"rank-math-breadcrumb\"><p><span class=\"last\">Home<\/span><\/p><\/nav>\t\t\t\t\t\t\t<\/div>\n\t\t\t\t\t\t\t\t\t\t\t\t\t\t\t<h1 class=\"heading-1 relative z-10 max-w-[292px] lg:max-w-[502px] lg:pt-[52px] uppercase text-sun\">\n\t\t\t\t\t\t\t\t\tVideo Tutorial: how to change the door opening direction\t\t\t\t\t\t\t\t<\/h1>\n\t\t\t\t\t\t\t\t<img loading=\"lazy\" decoding=\"async\" width=\"498\" height=\"370\" src=\"https:\/\/www.goguette.com\/wp-content\/uploads\/2023\/12\/illustration-decoration-interieur-cave-goguette-1.png\" class=\"absolute top-0 z-0 md:z-50 max-w-[264px] right-0 lg:relative lg:max-w-[400px] lg:transform -translate-y-[60px] lg:max-h-[370px] object-contain\" alt=\"Illustration of a design wine cellar and interior decoration, inspiration for home design.\" srcset=\"https:\/\/www.goguette.com\/wp-content\/uploads\/2023\/12\/illustration-decoration-interieur-cave-goguette-1.png 498w, https:\/\/www.goguette.com\/wp-content\/uploads\/2023\/12\/illustration-decoration-interieur-cave-goguette-1-300x223.png 300w\" sizes=\"auto, (max-width: 498px) 100vw, 498px\" \/>\t\t\t\t\t\t<\/div>\n\t\t\t\t\t<\/div>\n\t\t\t\t\t<div class=\"relative col-start-1 col-span-14 lg:col-start-7 lg:col-span-8\">\n\t\t\t\t\t\t<div class=\"bg-floor pb-[40px] px-[29px] lg:pr-0 pt-[26px] lg:pt-[87px] lg:pb-[72px] flex items-end\">\n\t\t\t\t\t\t\t\t\t\t\t\t\t\t\t<h2 class=\"style__text--28 lg:!leading-[37.8px] text-sun lg:max-w-[605px]\">\n\t\t\t\t\t\t\t\t\t<p><strong>Discover the new Goguette wine fridge, a modular solution that perfectly adapts to your living space!<\/strong><\/p>\n<p>Designed to fit wherever you need it, it offers flexibility with its reversible door, allowing you to install it even in the tightest spaces. Enjoy the freedom to position your wine cabinet according to your needs and benefit from optimal wine preservation, wherever you are.<\/p>\n\t\t\t\t\t\t\t\t<\/h2>\n\t\t\t\t\t\t\t\t\t\t\t\t\t<\/div>\n\t\t\t\t\t<\/div>\n\t\t\t\t<\/div>\n\t\t\t<\/div>\n\t\t<\/div>\n\t<\/block>\n\n\n\t\t<!-- Gallery -->\n\t\t\t<block class=\"gallery relative col-span-14\">\n\t\t\t<div class=\"absolute top-0 left-0 w-full bg-floor h-[352px] lg:h-[526px]\"><\/div>\n\t\t\t<div class=\"grid grid-cols-14 gap-x-5\">\n\t\t\t\t<block id=\"\"\n\t\t\t\t\tclass=\"gallery col-start-2 py-[47px] col-span-12 md:col-start-3 md:col-span-12 md:py-[87px]\">\n\t\t\t\t\t<div class=\"grid grid-cols-12 gap-5\">\n\t\t\t\t\t\t<div class=\"col-span-12\">\n\t\t\t\t\t\t\t<div class=\"splide\" data-splide='{\"type\":\"loop\",\"perPage\":1,\"perMove\":1,\"cover\":true,\"gap\":\"300px\",\"drag\":false,\"arrows\":false,\"pagination\":false,\"autoWidth\":true,\"fixedWidth\":\"100%\",\"breakpoints\":{\"768\":{\"drag\":true,\"arrows\":false,\"perPage\":1,\"gap\":\"\",\"padding\":{\"right\":\"\"},\"trimSpace\":false,\"autoWidth\":true},\"600\":{\"destroy\":\"completely\"},\"1440\":{\"fixedWidth\":false}}}'>\n\t\t\t\t\t\t\t\t<div\n\t\t\t\t\t\t\t\t\tclass=\"grid grid-cols-12 gap-y-[15px] md:gap-y-[43px] gap-x-5 md:-mb-16\">\n\t\t\t\t\t\t\t\t\t\t\t\t\t\t\t\t\t\t\t\t\t\t\t\t\t\t\t\t<div\n\t\t\t\t\t\t\t\t\t\t\tclass=\"col-start-1 col-span-12 lg:pt-[23px] md:pt-0 md:transform md:-translate-y-16 md:col-start-2 md:col-span-8\">\n\t\t\t\t\t\t\t\t\t\t\t<div class=\"splide__track\">\n\t\t\t\t\t\t\t\t\t\t\t\t<div class=\"splide__list\">\n\t\t\t\t\t\t\t\t\t\t\t\t\t\t\t\t\t\t\t\t\t\t\t\t\t\t\t\t\t\t<div class=\"splide__slide video w-full inte:w-auto\">\n\t\t\t\t\t\t\t\t\t\t\t\t\t\t\t\t\t\t<div\n\t\t\t\t\t\t\t\t\t\t\t\t\t\t\t\t\t\t\tclass=\"plyr__video-embed js-player \">\n\t\t\t\t\t\t\t\t\t\t\t\t\t\t\t\t\t\t\t<iframe data-poster=\"\"\n\t\t\t\t\t\t\t\t\t\t\t\t\t\t\t\t\t\t\t\tclass=\"aspect-video\"\n\t\t\t\t\t\t\t\t\t\t\t\t\t\t\t\t\t\t\t\tsrc=\"https:\/\/www.youtube.com\/embed\/https:\/\/youtu.be\/frjH4phb0BY?origin=https:\/\/www.goguette.com&amp;iv_load_policy=3&amp;modestbranding=1&amp;playsinline=1&amp;showinfo=0&amp;rel=0&amp;enablejsapi=1\"\n\t\t\t\t\t\t\t\t\t\t\t\t\t\t\t\t\t\t\t\tallowfullscreen allowtransparency playsinline><\/iframe>\n\t\t\t\t\t\t\t\t\t\t\t\t\t\t\t\t\t\t<\/div>\n\t\t\t\t\t\t\t\t\t\t\t\t\t\t\t\t\t\t\t\t\t\t\t\t\t\t\t\t\t\t\t\t\t\t\t<\/div>\n\t\t\t\t\t\t\t\t\t\t\t\t\t\t\n\t\t\t\t\t\t\t\t\t\t\t\t\t\t\t\t\t\t\t\t\t\t\t\t\t<\/div>\n\t\t\t\t\t\t\t\t\t\t\t<\/div>\n\t\t\t\t\t\t\t\t\t\t<\/div>\n\t\t\t\t\t\t\t\t\t\t\t\t\t\t\t\t\t<\/div>\n\t\t\t\t\t\t\t<\/div>\n\t\t\t\t\t\t<\/div>\n\t\t\t\t\t<\/div>\n\t\t\t\t<\/block>\n\t\t\t<\/div>\n\t\t<\/block>\n\t\n\n\t\t<!-- Rich text -->\n\t<div class=\"col-span-14\">\n\t\t<block \n\t\t\tid=\"\"\n\t\t\tclass=\"texte-riche py-[52px] lg:pt-[69px] block lg:pb-[52px]\"\n\t\t\tstyle=\"background-color:#FFFFFF\">\n\t\t\t<div class=\"grid grid-cols-14\">\n\t\t\t\t\t\t\t\t\t\t\t<div class=\"col-start-2 col-span-12 lg:col-start-3 lg:col-span-3\">\n\t\t\t\t\t\t\t\t<h2 class=\"heading-3 uppercase pb-[24px] lg:pb-0\" style=\"color: #C83F33\">\n\t\t\t\t\t\t\t\t\tHow to change the door direction ?\t\t\t\t\t\t\t\t<\/h2>\n\t\t\t\t\t\t\t<\/div>\n\t\t\t\t\t\t\t\t\t\t\t\t\t\t\t<div class=\"col-start-2 col-span-12 lg:col-start-8 xl:col-start-7 lg:col-span-6\">\n\t\t\t\t\t\t\t\t\t<ul>\n<li><span style=\"color: #2d3a49;\">Gently remove the caps located on the top of the cabinet and the covers above the screws.<\/span><\/li>\n<li><span style=\"color: #2d3a49;\">Unscrew the three screws holding the upper hinge to the cabinet using a Torx T25 key.<\/span><\/li>\n<li><span style=\"color: #2d3a49;\">Remove the hinge.<\/span><\/li>\n<li><span style=\"color: #2d3a49;\">Slightly open the door and remove it from the body by lifting it upwards. It is recommended not to use the handle for this operation.<\/span><\/li>\n<li><span style=\"color: #2d3a49;\">Unscrew the door pin attached to the lower hinge.<\/span><\/li>\n<li><span style=\"color: #2d3a49;\">Carefully remove the cap from the opposite lower hinge using a thin blade.<\/span><\/li>\n<li><span style=\"color: #2d3a49;\">Install the pin in place of the cap you just removed and reposition it on the opposite side.<\/span><\/li>\n<li><span style=\"color: #2d3a49;\">Rotate the door 180\u00b0 and place it back on its axis.<\/span><\/li>\n<li><span style=\"color: #2d3a49;\">Reattach the hinge, screw covers, and caps to the perforations.<\/span><\/li>\n<li><span style=\"color: #2d3a49;\">Ensure the door is properly aligned with the body before unscrewing it completely.<\/span><\/li>\n<li><span style=\"color: #2d3a49;\">Check that the seal adheres properly to the cabinet by closing the door to ensure optimal insulation for your wine fridge.<\/span><\/li>\n<\/ul>\n<p>And that&#8217;s it!<\/p>\n\t\t\t\t\t\t\t\t<\/div>\n\t\t\t\t\t\t\t\t\t\t<\/div>\n\t\t<\/block>\n\t<\/div>\n\n\n\t<!-- Transition -->\n\t<div class=\"col-span-14\">\n\t\t<block id=\"\" class=\"transition\">\n\t\t\t<img loading=\"lazy\" decoding=\"async\" width=\"501\" height=\"471\" src=\"https:\/\/www.goguette.com\/wp-content\/uploads\/2024\/02\/cave-a-vin-3-temperature-porte-vitree-bleu-design-poignee-zoom-detail-goguette-visuel.jpg\" class=\"h-full max-h-[220px] lg:max-h-[375px] object-cover w-full\" alt=\"Une table en bois et une cave \u00e0 vin noire vitr\u00e9e avec 4 \u00e9tag\u00e8res.\" srcset=\"https:\/\/www.goguette.com\/wp-content\/uploads\/2024\/02\/cave-a-vin-3-temperature-porte-vitree-bleu-design-poignee-zoom-detail-goguette-visuel.jpg 501w, https:\/\/www.goguette.com\/wp-content\/uploads\/2024\/02\/cave-a-vin-3-temperature-porte-vitree-bleu-design-poignee-zoom-detail-goguette-visuel-300x282.jpg 300w\" sizes=\"auto, (max-width: 501px) 100vw, 501px\" \/>\t\t<\/block>\n\t<\/div>\n\n\n\t<!-- Cross Content -->\n\t<div class=\"relative col-span-14\">\n\t\t<section id=\"\" class=\"bg-poussin pt-[54px] pb-[91px] md:pt-[115px] md:pb-[103px]\">\n\t\t\t<div class=\"grid grid-cols-14 gap-x-5\">\n\t\t\t\t<div class=\"col-start-2 col-span-12 md:col-start-2 md:col-span-4\">\n\t\t\t\t\t\t\t\t\t\t\t<h3 class=\"font-satoshi flex text-[40px] leading-none lg:text-[60px] font-bold lg:leading-[52.5px] max-w-[292px] lg:max-w-full md:pb-[25px] text-grape uppercase\">\n\t\t\t\t\t\t\tTo go further\t\t\t\t\t\t<\/h3>\n\t\t\t\t\t\t\t\t\t\t\t\t\t\t\t\t<p class=\"text-grape pt-[19px] md:pt-0 style__text--18\">\n\t\t\t\t\t\t\tGoguette wine fridge : bringing design back to the forefront without compromising functionality.\t\t\t\t\t\t<\/p>\n\t\t\t\t\t\t\t\t\t<\/div>\n\t\t\t\t<div class=\"col-start-2 col-span-12 md:col-start-6 md:col-span-9\">\n\t\t\t\t\t<div class=\"pt-[37px] md:pt-0 grid gap-y-[44px] md:gap-y-[78px] md:gap-x-16 md:grid-cols-9\">\n\t\t\t\t\t\t\t\t\t\t\t\t\t\t<div class=\"md:col-span-4\">\n\t\t\t\t\t\t\t\t\t<div class=\"is-fade group relative border-b border-solid border-b-grape max-w-[398px] mx-auto\">\n\t\t\t\t\t\t\t\t\t\t\t\t\t\t\t\t\t\t\t\t\t<div class=\"overflow-hidden relative w-[332px] h-[312px] md:w-[200px] md:h-[175px] lg:w-[300px] lg:h-[275px] xl:w-[398px] xl:h-[374px]\">\n\t\t\t\t\t\t\t\t\t\t\t\t<img loading=\"lazy\" decoding=\"async\" width=\"322\" height=\"355\" src=\"https:\/\/www.goguette.com\/wp-content\/uploads\/2024\/02\/cave-a-vin-vitree-taille-moyenne-3-temperatures-lumiere-integree-pose-libre-couleur-bleu-design-salon-scandinave-goguette-vignette-prod.jpg\" class=\"h-full w-full absolute top-0 left-0 object-cover group-hover:scale-110 transition-transform duration-700 ease-accelerate\" alt=\"Une cave \u00e0 vin vitr\u00e9e dans une salle \u00e0 manger lumineuse.\" srcset=\"https:\/\/www.goguette.com\/wp-content\/uploads\/2024\/02\/cave-a-vin-vitree-taille-moyenne-3-temperatures-lumiere-integree-pose-libre-couleur-bleu-design-salon-scandinave-goguette-vignette-prod.jpg 322w, https:\/\/www.goguette.com\/wp-content\/uploads\/2024\/02\/cave-a-vin-vitree-taille-moyenne-3-temperatures-lumiere-integree-pose-libre-couleur-bleu-design-salon-scandinave-goguette-vignette-prod-272x300.jpg 272w\" sizes=\"auto, (max-width: 322px) 100vw, 322px\" \/>\t\t\t\t\t\t\t\t\t\t\t<\/div>\n\t\t\t\t\t\t\t\t\t\t\t\t\t\t\t\t\t\t\t\t\t\t<div class=\"flex gap-3 justify-between w-full pt-[16px] pb-[18px] md:pt-[18px] md:pb-[30px] items-end\">\n\t\t\t\t\t\t\t\t\t\t\t\t<h4 class=\"heading-4 text-grape uppercase\">\n\t\t\t\t\t\t\t\t\t\t\t\t\tThe Goguette design :\t\t\t\t\t\t\t\t\t\t\t\t<\/h4>\n\t\t\t\t\t\t\t\t\t\t\t\t<svg class=\"transform transition-transform duration-500 w-[20px] h-[15px] lg:w-[24px] lg:h-[24px] ease-accelerate group-hover:rotate-45 translate-y-[-3px]\" width=\"24\" height=\"24\" viewBox=\"0 0 24 24\" fill=\"none\" xmlns=\"http:\/\/www.w3.org\/2000\/svg\">\n\t\t\t\t\t\t\t\t\t\t\t\t\t<rect y=\"3.69238\" width=\"3.69231\" height=\"24\" transform=\"rotate(-90 0 3.69238)\" fill=\"#2D3A49\"\/>\n\t\t\t\t\t\t\t\t\t\t\t\t\t<rect x=\"24\" y=\"24\" width=\"3.69231\" height=\"24\" transform=\"rotate(180 24 24)\" fill=\"#2D3A49\"\/>\n\t\t\t\t\t\t\t\t\t\t\t\t\t<rect x=\"2.74707\" y=\"23.8633\" width=\"3.69231\" height=\"29.0281\" transform=\"rotate(-135 2.74707 23.8633)\" fill=\"#2D3A49\"\/>\n\t\t\t\t\t\t\t\t\t\t\t\t<\/svg>\n\t\t\t\t\t\t\t\t\t\t\t<\/div>\n\t\t\t\t\t\t\t\t\t\t\t\t\t\t\t\t\t\t\t\t\t\t<div class=\"style__text--18 pb-[30px] text-grape\">\n\t\t\t\t\t\t\t\t\t\t\t\tA stylish wine cellar to enhance your interior.\r\nEvery detail is designed to blend seamlessly into your living space.\t\t\t\t\t\t\t\t\t\t\t<\/div>\n\t\t\t\t\t\t\t\t\t\t\t\t\t\t\t\t\t\t\t\t\t\t<a class=\"absolute top-0 left-0 w-full h-full z-10\" href=\"https:\/\/www.goguette.com\/en\/our-wine-fridge\/wine-cooler-design\/\" target=\"_self\"><\/a>\n\t\t\t\t\t\t\t\t\t\t\t\t\t\t\t\t\t\t\t<\/div>\n\t\t\t\t\t\t\t\t<\/div>\n\t\t\t\t\t\t\t\t\t\t\t\t\t\t\t\t<div class=\"md:col-span-4\">\n\t\t\t\t\t\t\t\t\t<div class=\"is-fade group relative border-b border-solid border-b-grape max-w-[398px] mx-auto\">\n\t\t\t\t\t\t\t\t\t\t\t\t\t\t\t\t\t\t\t\t\t<div class=\"overflow-hidden relative w-[332px] h-[312px] md:w-[200px] md:h-[175px] lg:w-[300px] lg:h-[275px] xl:w-[398px] xl:h-[374px]\">\n\t\t\t\t\t\t\t\t\t\t\t\t<img loading=\"lazy\" decoding=\"async\" width=\"398\" height=\"374\" src=\"https:\/\/www.goguette.com\/wp-content\/uploads\/2023\/12\/cave-conservation-vin-petite-taille-coloris-noir-porte-vitree-goguette-cross.jpg\" class=\"h-full w-full absolute top-0 left-0 object-cover group-hover:scale-110 transition-transform duration-700 ease-accelerate\" alt=\"Une cave \u00e0 vin noire vitr\u00e9e derri\u00e8re une biblioth\u00e8que\" srcset=\"https:\/\/www.goguette.com\/wp-content\/uploads\/2023\/12\/cave-conservation-vin-petite-taille-coloris-noir-porte-vitree-goguette-cross.jpg 398w, https:\/\/www.goguette.com\/wp-content\/uploads\/2023\/12\/cave-conservation-vin-petite-taille-coloris-noir-porte-vitree-goguette-cross-300x282.jpg 300w\" sizes=\"auto, (max-width: 398px) 100vw, 398px\" \/>\t\t\t\t\t\t\t\t\t\t\t<\/div>\n\t\t\t\t\t\t\t\t\t\t\t\t\t\t\t\t\t\t\t\t\t\t<div class=\"flex gap-3 justify-between w-full pt-[16px] pb-[18px] md:pt-[18px] md:pb-[30px] items-end\">\n\t\t\t\t\t\t\t\t\t\t\t\t<h4 class=\"heading-4 text-grape uppercase\">\n\t\t\t\t\t\t\t\t\t\t\t\t\tAll our tutorials :\t\t\t\t\t\t\t\t\t\t\t\t<\/h4>\n\t\t\t\t\t\t\t\t\t\t\t\t<svg class=\"transform transition-transform duration-500 w-[20px] h-[15px] lg:w-[24px] lg:h-[24px] ease-accelerate group-hover:rotate-45 translate-y-[-3px]\" width=\"24\" height=\"24\" viewBox=\"0 0 24 24\" fill=\"none\" xmlns=\"http:\/\/www.w3.org\/2000\/svg\">\n\t\t\t\t\t\t\t\t\t\t\t\t\t<rect y=\"3.69238\" width=\"3.69231\" height=\"24\" transform=\"rotate(-90 0 3.69238)\" fill=\"#2D3A49\"\/>\n\t\t\t\t\t\t\t\t\t\t\t\t\t<rect x=\"24\" y=\"24\" width=\"3.69231\" height=\"24\" transform=\"rotate(180 24 24)\" fill=\"#2D3A49\"\/>\n\t\t\t\t\t\t\t\t\t\t\t\t\t<rect x=\"2.74707\" y=\"23.8633\" width=\"3.69231\" height=\"29.0281\" transform=\"rotate(-135 2.74707 23.8633)\" fill=\"#2D3A49\"\/>\n\t\t\t\t\t\t\t\t\t\t\t\t<\/svg>\n\t\t\t\t\t\t\t\t\t\t\t<\/div>\n\t\t\t\t\t\t\t\t\t\t\t\t\t\t\t\t\t\t\t\t\t\t<div class=\"style__text--18 pb-[30px] text-grape\">\n\t\t\t\t\t\t\t\t\t\t\t\tTo support you in using your Goguette wine fridge, we\u2019ve prepared step-by-step video guides.\t\t\t\t\t\t\t\t\t\t\t<\/div>\n\t\t\t\t\t\t\t\t\t\t\t\t\t\t\t\t\t\t\t\t\t\t<a class=\"absolute top-0 left-0 w-full h-full z-10\" href=\"\/les-tutoriels-goguette\/\" target=\"_self\"><\/a>\n\t\t\t\t\t\t\t\t\t\t\t\t\t\t\t\t\t\t\t<\/div>\n\t\t\t\t\t\t\t\t<\/div>\n\t\t\t\t\t\t\t\t\t\t\t\t\t<\/div>\n\t\t\t\t<\/div>\n\t\t\t<\/div>\n\t\t<\/section>\n\t<\/div>\n","protected":false},"excerpt":{"rendered":"","protected":false},"author":2,"featured_media":0,"parent":8582,"menu_order":0,"comment_status":"closed","ping_status":"closed","template":"","meta":{"_acf_changed":false,"footnotes":""},"class_list":["post-10484","page","type-page","status-publish","hentry"],"acf":[],"_links":{"self":[{"href":"https:\/\/www.goguette.com\/en\/wp-json\/wp\/v2\/pages\/10484","targetHints":{"allow":["GET"]}}],"collection":[{"href":"https:\/\/www.goguette.com\/en\/wp-json\/wp\/v2\/pages"}],"about":[{"href":"https:\/\/www.goguette.com\/en\/wp-json\/wp\/v2\/types\/page"}],"author":[{"embeddable":true,"href":"https:\/\/www.goguette.com\/en\/wp-json\/wp\/v2\/users\/2"}],"replies":[{"embeddable":true,"href":"https:\/\/www.goguette.com\/en\/wp-json\/wp\/v2\/comments?post=10484"}],"version-history":[{"count":2,"href":"https:\/\/www.goguette.com\/en\/wp-json\/wp\/v2\/pages\/10484\/revisions"}],"predecessor-version":[{"id":10796,"href":"https:\/\/www.goguette.com\/en\/wp-json\/wp\/v2\/pages\/10484\/revisions\/10796"}],"up":[{"embeddable":true,"href":"https:\/\/www.goguette.com\/en\/wp-json\/wp\/v2\/pages\/8582"}],"wp:attachment":[{"href":"https:\/\/www.goguette.com\/en\/wp-json\/wp\/v2\/media?parent=10484"}],"curies":[{"name":"wp","href":"https:\/\/api.w.org\/{rel}","templated":true}]}}