{"id":4204,"date":"2023-11-15T12:24:40","date_gmt":"2023-11-15T12:24:40","guid":{"rendered":"https:\/\/www.goguette.com\/qui-sommes-nous\/"},"modified":"2025-08-01T15:12:09","modified_gmt":"2025-08-01T15:12:09","slug":"who-we-are","status":"publish","type":"page","link":"https:\/\/www.goguette.com\/en\/who-we-are\/","title":{"rendered":"Who we are"},"content":{"rendered":"\t<!-- Introduction -->\n\t<block id=\"\" class=\"col-span-14 introduction\">\n\t\t<div class=\"grid relative items-end grid-cols-14\">\n\t\t\t<div class=\"col-start-1 col-span-14 lg:col-start-2 lg:col-span-12\">\n\t\t\t\t<block id=\"block_d86383cbb6d05ee8923eedce2db56faf\" class=\"relative introduction\">\n\t\t\t\t\t<div class=\"absolute top-0 left-0 w-full h-full bg-black bg-opacity-10\"><\/div>\n\t\t\t\t\t\t\t\t\t\t\t\t\t<img loading=\"lazy\" decoding=\"async\" width=\"1920\" height=\"1000\" src=\"https:\/\/www.goguette.com\/wp-content\/uploads\/2023\/12\/goguette-nouvelle-marque-cave-a-vin-design-qualitative-made-in-france-banner-2.jpg\" class=\"max-h-[288px] min-h-[288px] lg:min-h-[750px] lg:max-h-[750px] object-cover w-full\" alt=\"6 personnes autour d&#039;une table partagent un repas en int\u00e9rieur\" srcset=\"https:\/\/www.goguette.com\/wp-content\/uploads\/2023\/12\/goguette-nouvelle-marque-cave-a-vin-design-qualitative-made-in-france-banner-2.jpg 1920w, https:\/\/www.goguette.com\/wp-content\/uploads\/2023\/12\/goguette-nouvelle-marque-cave-a-vin-design-qualitative-made-in-france-banner-2-300x156.jpg 300w, https:\/\/www.goguette.com\/wp-content\/uploads\/2023\/12\/goguette-nouvelle-marque-cave-a-vin-design-qualitative-made-in-france-banner-2-1024x533.jpg 1024w, https:\/\/www.goguette.com\/wp-content\/uploads\/2023\/12\/goguette-nouvelle-marque-cave-a-vin-design-qualitative-made-in-france-banner-2-768x400.jpg 768w, https:\/\/www.goguette.com\/wp-content\/uploads\/2023\/12\/goguette-nouvelle-marque-cave-a-vin-design-qualitative-made-in-france-banner-2-1536x800.jpg 1536w\" sizes=\"auto, (max-width: 1920px) 100vw, 1920px\" \/>\t\t\t\t\t\t\t\t\t\t\t<\/block>\n\t\t\t<\/div>\n\t\t\t<div class=\"section-heading col-span-14\">\n\t\t\t\t<div class=\"grid grid-cols-14 items-end\">\n\t\t\t\t\t<div class=\"col-start-1 col-span-14 lg:col-start-1 lg:col-span-6\">\n\t\t\t\t\t\t<div class=\"bg-floor pt-[47px] px-[29px] pb-[35px] lg:pb-0 lg:pr-0 lg:pl-[104px] lg:pt-[17px] relative\">\n\t\t\t\t\t\t\t<div class=\"hidden lg:block\">\n\t\t\t\t\t\t\t\t<nav aria-label=\"breadcrumbs\" class=\"rank-math-breadcrumb\"><p><span class=\"last\">Home<\/span><\/p><\/nav>\t\t\t\t\t\t\t<\/div>\n\t\t\t\t\t\t\t\t\t\t\t\t\t\t\t<h1 class=\"heading-1 relative z-10 max-w-[292px] lg:max-w-[502px] lg:pt-[52px] uppercase text-sun\">\n\t\t\t\t\t\t\t\t\tDiscover who Goguette is\t\t\t\t\t\t\t\t<\/h1>\n\t\t\t\t\t\t\t\t<img loading=\"lazy\" decoding=\"async\" width=\"498\" height=\"370\" src=\"https:\/\/www.goguette.com\/wp-content\/uploads\/2023\/12\/illustration-cave-bouteille-vin-goguette-1.png\" class=\"absolute top-0 z-0 md:z-50 max-w-[264px] right-0 lg:relative lg:max-w-[400px] lg:transform -translate-y-[60px] lg:max-h-[370px] object-contain\" alt=\"Illustration of a wine bottle\" srcset=\"https:\/\/www.goguette.com\/wp-content\/uploads\/2023\/12\/illustration-cave-bouteille-vin-goguette-1.png 498w, https:\/\/www.goguette.com\/wp-content\/uploads\/2023\/12\/illustration-cave-bouteille-vin-goguette-1-300x223.png 300w\" sizes=\"auto, (max-width: 498px) 100vw, 498px\" \/>\t\t\t\t\t\t<\/div>\n\t\t\t\t\t<\/div>\n\t\t\t\t\t<div class=\"relative col-start-1 col-span-14 lg:col-start-7 lg:col-span-8\">\n\t\t\t\t\t\t<div class=\"bg-floor pb-[40px] px-[29px] lg:pr-0 pt-[26px] lg:pt-[87px] lg:pb-[72px] flex items-end\">\n\t\t\t\t\t\t\t\t\t\t\t\t\t\t\t<h2 class=\"style__text--28 lg:!leading-[37.8px] text-sun lg:max-w-[605px]\">\n\t\t\t\t\t\t\t\t\t<p><strong>Preserving the wines you love, is our mission and our promise.<br \/>\n<\/strong>Shall we tell you more about us?<\/p>\n\t\t\t\t\t\t\t\t<\/h2>\n\t\t\t\t\t\t\t\t\t\t\t\t\t<\/div>\n\t\t\t\t\t<\/div>\n\t\t\t\t<\/div>\n\t\t\t<\/div>\n\t\t<\/div>\n\t<\/block>\n\n\n\t\t<!-- Rich text -->\n\t<div class=\"col-span-14\">\n\t\t<block \n\t\t\tid=\"\"\n\t\t\tclass=\"texte-riche py-[52px] lg:pt-[69px] block lg:pb-[52px]\"\n\t\t\tstyle=\"background-color:#F1C8C9\">\n\t\t\t<div class=\"grid grid-cols-14\">\n\t\t\t\t\t\t\t\t\t\t\t<div class=\"col-start-2 col-span-12 lg:col-start-3 lg:col-span-3\">\n\t\t\t\t\t\t\t\t<h2 class=\"heading-3 uppercase pb-[24px] lg:pb-0\" style=\"color: #2D3A49\">\n\t\t\t\t\t\t\t\t\tOur story\t\t\t\t\t\t\t\t<\/h2>\n\t\t\t\t\t\t\t<\/div>\n\t\t\t\t\t\t\t\t\t\t\t\t\t\t\t<div class=\"col-start-2 col-span-12 lg:col-start-8 xl:col-start-7 lg:col-span-6\">\n\t\t\t\t\t\t\t\t\t<p class=\"paragraph\">Our story began when we made a simple observation. Wine lovers are often faced with a range of challenges when looking for the ideal wine fridge. The offer is vast, and the differences are not always easy to grasp.<\/p>\n<p class=\"paragraph\"><strong>At Goguette, we are committed to simplifying this choice by providing you with a clear offer.<\/strong><\/p>\n<p class=\"paragraph\">We believe that a wine cabinet must be both a high-quality product and one that is perfectly suited to your <strong>lifestyle<\/strong>. We firmly believe that the enjoyment of wine, from preservation to tasting, is accessible and quintessentially French.<\/p>\n<p>&nbsp;<\/p>\n<h3><span class=\"heading-5\"><span style=\"color: #c83f33;\">Our values<\/span><\/span><\/h3>\n<p>&nbsp;<\/p>\n<p><strong>DARING<\/strong><\/p>\n<p>Because Goguette embraces a new interpretation of French conviviality: simple, modern, and warm, but with a touch of audacity.<\/p>\n<p><strong>EPICUREAN<\/strong><\/p>\n<p>Because Goguette is a trusted partner to anyone who delights in the thrill of great tasting wine and loves making special memories.<\/p>\n<p><strong>SERVICE-ORIENTED<\/strong><\/p>\n<p>Because Goguette ensures optimal preservation and aims to make each tasting experience unforgettable.<\/p>\n\t\t\t\t\t\t\t\t<\/div>\n\t\t\t\t\t\t\t\t\t\t<\/div>\n\t\t<\/block>\n\t<\/div>\n\n\n\t<!-- Transition -->\n\t<div class=\"col-span-14\">\n\t\t<block id=\"\" class=\"transition\">\n\t\t\t\t\t<\/block>\n\t<\/div>\n\n\n\t<!-- Image + Rich Text -->\n\t<div class=\"image-rich-text col-span-14\" style=\"background-color:#FFFFFF\">\n\t\t<block \n\t\t\tid=\"\"\n\t\t\tclass=\"visuel-texte-riche\"\n\t\t\t>\n\t\t\t<div class=\"px-[30px] flex-wrap md:flex-nowrap flex justify-center items-start gap-x-5 relative py-[40px] md:py-[81px]\">\n\t\t\t\t\t\t\t\t\t\t\t\t\t<div class=\"relative overflow-hidden aspect-square min-w-full min-h-[310px] max-h-[310px] md:min-h-[371px] md:max-h-[371px] md:min-w-[400px] md:max-w-[400px] lg:min-w-[501px] lg:max-w-[501px] lg:max-h-[471px] lg:min-h-[471px]\">\n\t\t\t\t\t\t\t\t\t\t<img loading=\"lazy\" decoding=\"async\" width=\"501\" height=\"471\" src=\"https:\/\/www.goguette.com\/wp-content\/uploads\/2023\/12\/cave-a-vin-design-integration-decoration-interieure-noir-porte-vitree-goguette-visuel.jpg\" class=\"is-fade w-full absolute top-0 left-0 object-cover h-full\" alt=\"Une petite cave \u00e0 vin \u00e0 c\u00f4t\u00e9 d&#039;un citronnier\" srcset=\"https:\/\/www.goguette.com\/wp-content\/uploads\/2023\/12\/cave-a-vin-design-integration-decoration-interieure-noir-porte-vitree-goguette-visuel.jpg 501w, https:\/\/www.goguette.com\/wp-content\/uploads\/2023\/12\/cave-a-vin-design-integration-decoration-interieure-noir-porte-vitree-goguette-visuel-300x282.jpg 300w\" sizes=\"auto, (max-width: 501px) 100vw, 501px\" \/>\t\t\t\t\t\t\t\t\t\t\t\t\t\t\t\t\t\t\t\t\t<a class=\"absolute top-0 left-0 w-full h-full z-10\" href=\"\/en\/our-wine-fridge\/wine-cooler-design\/\" target=\"_self\"><\/a>\n\t\t\t\t\t\t\t\t\t\t\t\t\t\t\t\t\t\t\t<\/div>\n\t\t\t\t\t\t\t\t\t\t\t\t\t\t\t\t\t\t<div class=\"md:px-0 md:max-w-[525px]\">\n\t\t\t\t\t\t\t\t\t\t<h2 class=\"heading-3 pb-[30px] pt-[70px] md:pb-0 md:pt-0 uppercase text-sun\">A strong design<\/h2>\n\t\t\t\t\t\t\t\t\t\t\t\t\t\t\t\t\t\t\t\t\t<div class=\"lg:pl-[105px] style__text--15 text-grape md:pt-[34px]\"><p><span class=\"heading-6\"><strong>Commitment n\u00b01<\/strong><\/span><\/p>\n<p>Traditional wine cabinets with a classic black finish look sleek and elegant, but may be challenging to incorporate into your bright interior decor. At Goguette, we&#8217;ve carefully considered every intricate detail, from the color of the cabinet to the handle, in order to add a touch of refined aesthetics and sophisticated design to your home. Slate blue, white or black color&#8230;your wine cabinet, your choice.<\/p>\n<p>&nbsp;<\/p>\n<p><span class=\"button-wysiwyg\" style=\"color: #c83f33;\"><a style=\"color: #c83f33;\" href=\"https:\/\/www.goguette.com\/en\/our-wine-fridge\/wine-cooler-design\/\">Find your design<\/a><\/span><\/p>\n<\/div>\n\t\t\t\t\t\t\t\t\t\t\t\t\t\t\t\t\t\t\t\t<\/div>\n\t\t\t\t\t\t\t\t\t\t\t\t<\/div>\n\t\t<\/block>\n\t<\/div>\n\n\n\t<!-- Image + Rich Text -->\n\t<div class=\"image-rich-text col-span-14\" style=\"background-color:#FFFFFF\">\n\t\t<block \n\t\t\tid=\"\"\n\t\t\tclass=\"visuel-texte-riche\"\n\t\t\t>\n\t\t\t<div class=\"px-[30px] flex-wrap md:flex-nowrap flex justify-center items-start gap-x-5 relative py-[40px] md:py-[81px]\">\n\t\t\t\t\t\t\t\t\t\t\t\t\t<div class=\"md:px-0 md:max-w-[525px]\">\n\t\t\t\t\t\t\t\t\t\t<h2 class=\"heading-3 pb-[30px] pt-[70px] md:pb-0 md:pt-0 md:text-right uppercase text-sun\">Made in France (with love)<\/h2>\n\t\t\t\t\t\t\t\t\t\t\t\t\t\t\t\t\t\t\t\t\t<div class=\"lg:pr-[105px] style__text--15 text-grape md:pt-[34px]\"><h3><span class=\"heading-6\">Commitment n\u00b02<\/span><\/h3>\n<p class=\"paragraph\">We are proud to belong to a renowned French manufacturing group. As the last remaining wine cabinet manufacturer in France, the EuroCave Group endeavors to uphold French know-how from generation to generation. The production of a Goguette wine fridge tells the beginning of a story encompassing a quest for quality, the joy of sharing and a love of wine. What happens next? This is your story to write.<\/p>\n<\/div>\n\t\t\t\t\t\t\t\t\t\t\t\t\t\t\t\t\t\t\t\t<\/div>\n\t\t\t\t\t\t\t\t\t\t\t\t\t\t\t\t\t\t<div class=\"order-first md:order-last relative overflow-hidden aspect-square min-w-full min-h-[310px] max-h-[310px] md:min-h-[371px] md:max-h-[371px] md:min-w-[400px] md:max-w-[400px] lg:min-w-[501px] lg:max-w-[501px] lg:max-h-[471px] lg:min-h-[471px]\">\n\t\t\t\t\t\t\t\t\t\t<img loading=\"lazy\" decoding=\"async\" width=\"501\" height=\"471\" src=\"https:\/\/www.goguette.com\/wp-content\/uploads\/2023\/12\/cave-a-vin-fabrication-france-etagere-clayette-facade-bois-goguette-visuel.jpg\" class=\"is-fade w-full object-cover h-full absolute top-0 left-0\" alt=\"Plusieurs clayettes de bouteilles de vin\" srcset=\"https:\/\/www.goguette.com\/wp-content\/uploads\/2023\/12\/cave-a-vin-fabrication-france-etagere-clayette-facade-bois-goguette-visuel.jpg 501w, https:\/\/www.goguette.com\/wp-content\/uploads\/2023\/12\/cave-a-vin-fabrication-france-etagere-clayette-facade-bois-goguette-visuel-300x282.jpg 300w\" sizes=\"auto, (max-width: 501px) 100vw, 501px\" \/>\t\t\t\t\t\t\t\t\t\t\t\t\t\t\t\t\t\t\t<\/div>\n\t\t\t\t\t\t\t\t\t\t\t\t<\/div>\n\t\t<\/block>\n\t<\/div>\n\n\n\t<!-- Image + Rich Text -->\n\t<div class=\"image-rich-text col-span-14\" style=\"background-color:#F2F0EA\">\n\t\t<block \n\t\t\tid=\"\"\n\t\t\tclass=\"visuel-texte-riche\"\n\t\t\t>\n\t\t\t<div class=\"px-[30px] flex-wrap md:flex-nowrap flex justify-center items-start gap-x-5 relative py-[40px] md:py-[81px]\">\n\t\t\t\t\t\t\t\t\t\t\t\t\t<div class=\"relative overflow-hidden aspect-square min-w-full min-h-[310px] max-h-[310px] md:min-h-[371px] md:max-h-[371px] md:min-w-[400px] md:max-w-[400px] lg:min-w-[501px] lg:max-w-[501px] lg:max-h-[471px] lg:min-h-[471px]\">\n\t\t\t\t\t\t\t\t\t\t<img loading=\"lazy\" decoding=\"async\" width=\"501\" height=\"471\" src=\"https:\/\/www.goguette.com\/wp-content\/uploads\/2023\/12\/cave-a-vin-lumiere-integree-eclairage-bas-en-haut-goguette-visuel.jpg\" class=\"is-fade w-full absolute top-0 left-0 object-cover h-full\" alt=\"Une cave \u00e0 vin vitr\u00e9e et lumineuse dans un salon\" srcset=\"https:\/\/www.goguette.com\/wp-content\/uploads\/2023\/12\/cave-a-vin-lumiere-integree-eclairage-bas-en-haut-goguette-visuel.jpg 501w, https:\/\/www.goguette.com\/wp-content\/uploads\/2023\/12\/cave-a-vin-lumiere-integree-eclairage-bas-en-haut-goguette-visuel-300x282.jpg 300w\" sizes=\"auto, (max-width: 501px) 100vw, 501px\" \/>\t\t\t\t\t\t\t\t\t\t\t\t\t\t\t\t\t\t\t\t\t<a class=\"absolute top-0 left-0 w-full h-full z-10\" href=\"\/en\/our-wine-fridge\/\" target=\"_self\"><\/a>\n\t\t\t\t\t\t\t\t\t\t\t\t\t\t\t\t\t\t\t<\/div>\n\t\t\t\t\t\t\t\t\t\t\t\t\t\t\t\t\t\t<div class=\"md:px-0 md:max-w-[525px]\">\n\t\t\t\t\t\t\t\t\t\t<h2 class=\"heading-3 pb-[30px] pt-[70px] md:pb-0 md:pt-0 uppercase text-sun\">A specific know-how<\/h2>\n\t\t\t\t\t\t\t\t\t\t\t\t\t\t\t\t\t\t\t\t\t<div class=\"lg:pl-[105px] style__text--15 text-grape md:pt-[34px]\"><h3><span class=\"heading-6\">Commitment n\u00b03<\/span><\/h3>\n<p class=\"paragraph\">We know that each bottle has its own history and deserves to be preserved in ideal conditions. Our wine cabinets are designed to control temperature, humidity, vibrations and air circulation, ensuring that your wines are kept under optimal preservation conditions with perfect temperature control before they are served. Another essential aspect: our wine fridges operate in silence with 35dB only.<\/p>\n<p>&nbsp;<\/p>\n<p><a href=\"https:\/\/www.goguette.com\/en\/our-wine-fridge\/\"><span class=\"button-wysiwyg\" style=\"color: #c83f33;\">Discover our wine fridges<\/span><\/a><\/p>\n<\/div>\n\t\t\t\t\t\t\t\t\t\t\t\t\t\t\t\t\t\t\t\t<\/div>\n\t\t\t\t\t\t\t\t\t\t\t\t<\/div>\n\t\t<\/block>\n\t<\/div>\n\n\n\t<!-- Image + Rich Text -->\n\t<div class=\"image-rich-text col-span-14\" style=\"background-color:#F2F0EA\">\n\t\t<block \n\t\t\tid=\"\"\n\t\t\tclass=\"visuel-texte-riche\"\n\t\t\t>\n\t\t\t<div class=\"px-[30px] flex-wrap md:flex-nowrap flex justify-center items-start gap-x-5 relative py-[40px] md:py-[81px]\">\n\t\t\t\t\t\t\t\t\t\t\t\t\t<div class=\"md:px-0 md:max-w-[525px]\">\n\t\t\t\t\t\t\t\t\t\t<h2 class=\"heading-3 pb-[30px] pt-[70px] md:pb-0 md:pt-0 md:text-right uppercase text-sun\">Durability, fully embraced<\/h2>\n\t\t\t\t\t\t\t\t\t\t\t\t\t\t\t\t\t\t\t\t\t<div class=\"lg:pr-[105px] style__text--15 text-grape md:pt-[34px]\"><h3><span class=\"heading-6\">Commitment n\u00b04<\/span><\/h3>\n<p class=\"paragraph\">In our ongoing quest for durability, we carefully select and test every component in our lab in France to ensure long-lasting reliability and performance. Every detail is designed with longevity in mind. All our wine cabinets come with a 5-year warranty.<\/p>\n<\/div>\n\t\t\t\t\t\t\t\t\t\t\t\t\t\t\t\t\t\t\t\t<\/div>\n\t\t\t\t\t\t\t\t\t\t\t\t\t\t\t\t\t\t<div class=\"order-first md:order-last relative overflow-hidden aspect-square min-w-full min-h-[310px] max-h-[310px] md:min-h-[371px] md:max-h-[371px] md:min-w-[400px] md:max-w-[400px] lg:min-w-[501px] lg:max-w-[501px] lg:max-h-[471px] lg:min-h-[471px]\">\n\t\t\t\t\t\t\t\t\t\t<img loading=\"lazy\" decoding=\"async\" width=\"501\" height=\"471\" src=\"https:\/\/www.goguette.com\/wp-content\/uploads\/2025\/08\/assembly-of-a-wine-fridge-french-factory-goguette.jpg\" class=\"is-fade w-full object-cover h-full absolute top-0 left-0\" alt=\"Assembly of a wine fridge in our French factory\" srcset=\"https:\/\/www.goguette.com\/wp-content\/uploads\/2025\/08\/assembly-of-a-wine-fridge-french-factory-goguette.jpg 501w, https:\/\/www.goguette.com\/wp-content\/uploads\/2025\/08\/assembly-of-a-wine-fridge-french-factory-goguette-300x282.jpg 300w\" sizes=\"auto, (max-width: 501px) 100vw, 501px\" \/>\t\t\t\t\t\t\t\t\t\t\t\t\t\t\t\t\t\t\t<\/div>\n\t\t\t\t\t\t\t\t\t\t\t\t<\/div>\n\t\t<\/block>\n\t<\/div>\n\n\n\t<!-- Transition -->\n\t<div class=\"col-span-14\">\n\t\t<block id=\"\" class=\"transition\">\n\t\t\t<img loading=\"lazy\" decoding=\"async\" width=\"1920\" height=\"1000\" src=\"https:\/\/www.goguette.com\/wp-content\/uploads\/2025\/08\/wine-fridge-door-assembly-made-in-france.jpg\" class=\"h-full max-h-[220px] lg:max-h-[375px] object-cover w-full\" alt=\"Wine fridge door assembly in our French factory.\" srcset=\"https:\/\/www.goguette.com\/wp-content\/uploads\/2025\/08\/wine-fridge-door-assembly-made-in-france.jpg 1920w, https:\/\/www.goguette.com\/wp-content\/uploads\/2025\/08\/wine-fridge-door-assembly-made-in-france-300x156.jpg 300w, https:\/\/www.goguette.com\/wp-content\/uploads\/2025\/08\/wine-fridge-door-assembly-made-in-france-1024x533.jpg 1024w, https:\/\/www.goguette.com\/wp-content\/uploads\/2025\/08\/wine-fridge-door-assembly-made-in-france-768x400.jpg 768w, https:\/\/www.goguette.com\/wp-content\/uploads\/2025\/08\/wine-fridge-door-assembly-made-in-france-1536x800.jpg 1536w\" sizes=\"auto, (max-width: 1920px) 100vw, 1920px\" \/>\t\t<\/block>\n\t<\/div>\n\n\n\t<!-- Cross Content -->\n\t<div class=\"relative col-span-14\">\n\t\t<section id=\"\" class=\"bg-poussin pt-[54px] pb-[91px] md:pt-[115px] md:pb-[103px]\">\n\t\t\t<div class=\"grid grid-cols-14 gap-x-5\">\n\t\t\t\t<div class=\"col-start-2 col-span-12 md:col-start-2 md:col-span-4\">\n\t\t\t\t\t\t\t\t\t\t\t<h3 class=\"font-satoshi flex text-[40px] leading-none lg:text-[60px] font-bold lg:leading-[52.5px] max-w-[292px] lg:max-w-full md:pb-[25px] text-grape uppercase\">\n\t\t\t\t\t\t\tEvery moment becomes a memory\t\t\t\t\t\t<\/h3>\n\t\t\t\t\t\t\t\t\t\t\t\t\t\t\t\t<p class=\"text-grape pt-[19px] md:pt-0 style__text--18\">\n\t\t\t\t\t\t\tImmerse yourself in our brand film, a true invitation to conviviality. Discover without delay your future Goguette wine cellar among our various models.\t\t\t\t\t\t<\/p>\n\t\t\t\t\t\t\t\t\t<\/div>\n\t\t\t\t<div class=\"col-start-2 col-span-12 md:col-start-6 md:col-span-9\">\n\t\t\t\t\t<div class=\"pt-[37px] md:pt-0 grid gap-y-[44px] md:gap-y-[78px] md:gap-x-16 md:grid-cols-9\">\n\t\t\t\t\t\t\t\t\t\t\t\t\t\t<div class=\"md:col-span-4\">\n\t\t\t\t\t\t\t\t\t<div class=\"is-fade group relative border-b border-solid border-b-grape max-w-[398px] mx-auto\">\n\t\t\t\t\t\t\t\t\t\t\t\t\t\t\t\t\t\t\t\t\t<div class=\"overflow-hidden relative w-[332px] h-[312px] md:w-[200px] md:h-[175px] lg:w-[300px] lg:h-[275px] xl:w-[398px] xl:h-[374px]\">\n\t\t\t\t\t\t\t\t\t\t\t\t<img loading=\"lazy\" decoding=\"async\" width=\"398\" height=\"374\" src=\"https:\/\/www.goguette.com\/wp-content\/uploads\/2023\/12\/marque-goguette-univers-manifeste-life-style-cross.jpg\" class=\"h-full w-full absolute top-0 left-0 object-cover group-hover:scale-110 transition-transform duration-700 ease-accelerate\" alt=\"Deux femmes discutent derri\u00e8re une cave \u00e0 vin vitr\u00e9e\" srcset=\"https:\/\/www.goguette.com\/wp-content\/uploads\/2023\/12\/marque-goguette-univers-manifeste-life-style-cross.jpg 398w, https:\/\/www.goguette.com\/wp-content\/uploads\/2023\/12\/marque-goguette-univers-manifeste-life-style-cross-300x282.jpg 300w\" sizes=\"auto, (max-width: 398px) 100vw, 398px\" \/>\t\t\t\t\t\t\t\t\t\t\t<\/div>\n\t\t\t\t\t\t\t\t\t\t\t\t\t\t\t\t\t\t\t\t\t\t<div class=\"flex gap-3 justify-between w-full pt-[16px] pb-[18px] md:pt-[18px] md:pb-[30px] items-end\">\n\t\t\t\t\t\t\t\t\t\t\t\t<h4 class=\"heading-4 text-grape uppercase\">\n\t\t\t\t\t\t\t\t\t\t\t\t\tOur manifesto\t\t\t\t\t\t\t\t\t\t\t\t<\/h4>\n\t\t\t\t\t\t\t\t\t\t\t\t<svg class=\"transform transition-transform duration-500 w-[20px] h-[15px] lg:w-[24px] lg:h-[24px] ease-accelerate group-hover:rotate-45 translate-y-[-3px]\" width=\"24\" height=\"24\" viewBox=\"0 0 24 24\" fill=\"none\" xmlns=\"http:\/\/www.w3.org\/2000\/svg\">\n\t\t\t\t\t\t\t\t\t\t\t\t\t<rect y=\"3.69238\" width=\"3.69231\" height=\"24\" transform=\"rotate(-90 0 3.69238)\" fill=\"#2D3A49\"\/>\n\t\t\t\t\t\t\t\t\t\t\t\t\t<rect x=\"24\" y=\"24\" width=\"3.69231\" height=\"24\" transform=\"rotate(180 24 24)\" fill=\"#2D3A49\"\/>\n\t\t\t\t\t\t\t\t\t\t\t\t\t<rect x=\"2.74707\" y=\"23.8633\" width=\"3.69231\" height=\"29.0281\" transform=\"rotate(-135 2.74707 23.8633)\" fill=\"#2D3A49\"\/>\n\t\t\t\t\t\t\t\t\t\t\t\t<\/svg>\n\t\t\t\t\t\t\t\t\t\t\t<\/div>\n\t\t\t\t\t\t\t\t\t\t\t\t\t\t\t\t\t\t\t\t\t\t<div class=\"style__text--18 pb-[30px] text-grape\">\n\t\t\t\t\t\t\t\t\t\t\t\tDiscover the Goguette film and immerse yourself in the world of the brand.\t\t\t\t\t\t\t\t\t\t\t<\/div>\n\t\t\t\t\t\t\t\t\t\t\t\t\t\t\t\t\t\t\t\t\t\t<a class=\"absolute top-0 left-0 w-full h-full z-10\" href=\"\/en\/our-manifesto\/\" target=\"_self\"><\/a>\n\t\t\t\t\t\t\t\t\t\t\t\t\t\t\t\t\t\t\t<\/div>\n\t\t\t\t\t\t\t\t<\/div>\n\t\t\t\t\t\t\t\t\t\t\t\t\t\t\t\t<div class=\"md:col-span-4\">\n\t\t\t\t\t\t\t\t\t<div class=\"is-fade group relative border-b border-solid border-b-grape max-w-[398px] mx-auto\">\n\t\t\t\t\t\t\t\t\t\t\t\t\t\t\t\t\t\t\t\t\t<div class=\"overflow-hidden relative w-[332px] h-[312px] md:w-[200px] md:h-[175px] lg:w-[300px] lg:h-[275px] xl:w-[398px] xl:h-[374px]\">\n\t\t\t\t\t\t\t\t\t\t\t\t<img loading=\"lazy\" decoding=\"async\" width=\"398\" height=\"374\" src=\"https:\/\/www.goguette.com\/wp-content\/uploads\/2023\/12\/cave-a-vin-tous-les-modeles-toutes-les-contenances-goguette-cross-1.jpg\" class=\"h-full w-full absolute top-0 left-0 object-cover group-hover:scale-110 transition-transform duration-700 ease-accelerate\" alt=\"Design wine fridge available in various models and capacities, suitable for all wine storage and serving needs.\" srcset=\"https:\/\/www.goguette.com\/wp-content\/uploads\/2023\/12\/cave-a-vin-tous-les-modeles-toutes-les-contenances-goguette-cross-1.jpg 398w, https:\/\/www.goguette.com\/wp-content\/uploads\/2023\/12\/cave-a-vin-tous-les-modeles-toutes-les-contenances-goguette-cross-1-300x282.jpg 300w\" sizes=\"auto, (max-width: 398px) 100vw, 398px\" \/>\t\t\t\t\t\t\t\t\t\t\t<\/div>\n\t\t\t\t\t\t\t\t\t\t\t\t\t\t\t\t\t\t\t\t\t\t<div class=\"flex gap-3 justify-between w-full pt-[16px] pb-[18px] md:pt-[18px] md:pb-[30px] items-end\">\n\t\t\t\t\t\t\t\t\t\t\t\t<h4 class=\"heading-4 text-grape uppercase\">\n\t\t\t\t\t\t\t\t\t\t\t\t\tOur wine fridges\t\t\t\t\t\t\t\t\t\t\t\t<\/h4>\n\t\t\t\t\t\t\t\t\t\t\t\t<svg class=\"transform transition-transform duration-500 w-[20px] h-[15px] lg:w-[24px] lg:h-[24px] ease-accelerate group-hover:rotate-45 translate-y-[-3px]\" width=\"24\" height=\"24\" viewBox=\"0 0 24 24\" fill=\"none\" xmlns=\"http:\/\/www.w3.org\/2000\/svg\">\n\t\t\t\t\t\t\t\t\t\t\t\t\t<rect y=\"3.69238\" width=\"3.69231\" height=\"24\" transform=\"rotate(-90 0 3.69238)\" fill=\"#2D3A49\"\/>\n\t\t\t\t\t\t\t\t\t\t\t\t\t<rect x=\"24\" y=\"24\" width=\"3.69231\" height=\"24\" transform=\"rotate(180 24 24)\" fill=\"#2D3A49\"\/>\n\t\t\t\t\t\t\t\t\t\t\t\t\t<rect x=\"2.74707\" y=\"23.8633\" width=\"3.69231\" height=\"29.0281\" transform=\"rotate(-135 2.74707 23.8633)\" fill=\"#2D3A49\"\/>\n\t\t\t\t\t\t\t\t\t\t\t\t<\/svg>\n\t\t\t\t\t\t\t\t\t\t\t<\/div>\n\t\t\t\t\t\t\t\t\t\t\t\t\t\t\t\t\t\t\t\t\t\t<div class=\"style__text--18 pb-[30px] text-grape\">\n\t\t\t\t\t\t\t\t\t\t\t\tWhether you need a wine cabinet for storage or one that also lets you perfectly chill your wine, explore our diverse range of wine fridges.\t\t\t\t\t\t\t\t\t\t\t<\/div>\n\t\t\t\t\t\t\t\t\t\t\t\t\t\t\t\t\t\t\t\t\t\t<a class=\"absolute top-0 left-0 w-full h-full z-10\" href=\"\/en\/our-wine-fridge\/\" target=\"_self\"><\/a>\n\t\t\t\t\t\t\t\t\t\t\t\t\t\t\t\t\t\t\t<\/div>\n\t\t\t\t\t\t\t\t<\/div>\n\t\t\t\t\t\t\t\t\t\t\t\t\t<\/div>\n\t\t\t\t<\/div>\n\t\t\t<\/div>\n\t\t<\/section>\n\t<\/div>\n","protected":false},"excerpt":{"rendered":"","protected":false},"author":2,"featured_media":0,"parent":0,"menu_order":0,"comment_status":"closed","ping_status":"closed","template":"","meta":{"_acf_changed":false,"footnotes":""},"class_list":["post-4204","page","type-page","status-publish","hentry"],"acf":[],"_links":{"self":[{"href":"https:\/\/www.goguette.com\/en\/wp-json\/wp\/v2\/pages\/4204","targetHints":{"allow":["GET"]}}],"collection":[{"href":"https:\/\/www.goguette.com\/en\/wp-json\/wp\/v2\/pages"}],"about":[{"href":"https:\/\/www.goguette.com\/en\/wp-json\/wp\/v2\/types\/page"}],"author":[{"embeddable":true,"href":"https:\/\/www.goguette.com\/en\/wp-json\/wp\/v2\/users\/2"}],"replies":[{"embeddable":true,"href":"https:\/\/www.goguette.com\/en\/wp-json\/wp\/v2\/comments?post=4204"}],"version-history":[{"count":3,"href":"https:\/\/www.goguette.com\/en\/wp-json\/wp\/v2\/pages\/4204\/revisions"}],"predecessor-version":[{"id":11728,"href":"https:\/\/www.goguette.com\/en\/wp-json\/wp\/v2\/pages\/4204\/revisions\/11728"}],"wp:attachment":[{"href":"https:\/\/www.goguette.com\/en\/wp-json\/wp\/v2\/media?parent=4204"}],"curies":[{"name":"wp","href":"https:\/\/api.w.org\/{rel}","templated":true}]}}