{"id":9941,"date":"2024-04-24T11:39:30","date_gmt":"2024-04-24T11:39:30","guid":{"rendered":"https:\/\/www.goguette.com\/?page_id=9941"},"modified":"2024-05-02T08:17:53","modified_gmt":"2024-05-02T08:17:53","slug":"goguette-tutorials","status":"publish","type":"page","link":"https:\/\/www.goguette.com\/en\/goguette-tutorials\/","title":{"rendered":"User manuals &#038; tutorials"},"content":{"rendered":"\t<!-- Introduction -->\n\t<block id=\"\" class=\"col-span-14 introduction\">\n\t\t<div class=\"grid relative items-end grid-cols-14\">\n\t\t\t<div class=\"col-start-1 col-span-14 lg:col-start-2 lg:col-span-12\">\n\t\t\t\t<block id=\"block_b6fbccd5e45e1953b658563df911ea93\" class=\"relative introduction\">\n\t\t\t\t\t<div class=\"absolute top-0 left-0 w-full h-full bg-black bg-opacity-10\"><\/div>\n\t\t\t\t\t\t\t\t\t\t\t\t\t<img loading=\"lazy\" decoding=\"async\" width=\"1920\" height=\"1000\" src=\"https:\/\/www.goguette.com\/wp-content\/uploads\/2023\/12\/cave-a-vin-design-assume-travail-details-color-block-porte-vitree-bureau-etude-goguette-banner.jpg\" class=\"max-h-[288px] min-h-[288px] lg:min-h-[750px] lg:max-h-[750px] object-cover w-full\" alt=\"Le coin d&#039;une cave \u00e0 vin vitr\u00e9e remplie de bouteilles de vin couch\u00e9es\" srcset=\"https:\/\/www.goguette.com\/wp-content\/uploads\/2023\/12\/cave-a-vin-design-assume-travail-details-color-block-porte-vitree-bureau-etude-goguette-banner.jpg 1920w, https:\/\/www.goguette.com\/wp-content\/uploads\/2023\/12\/cave-a-vin-design-assume-travail-details-color-block-porte-vitree-bureau-etude-goguette-banner-300x156.jpg 300w, https:\/\/www.goguette.com\/wp-content\/uploads\/2023\/12\/cave-a-vin-design-assume-travail-details-color-block-porte-vitree-bureau-etude-goguette-banner-1024x533.jpg 1024w, https:\/\/www.goguette.com\/wp-content\/uploads\/2023\/12\/cave-a-vin-design-assume-travail-details-color-block-porte-vitree-bureau-etude-goguette-banner-768x400.jpg 768w, https:\/\/www.goguette.com\/wp-content\/uploads\/2023\/12\/cave-a-vin-design-assume-travail-details-color-block-porte-vitree-bureau-etude-goguette-banner-1536x800.jpg 1536w\" sizes=\"auto, (max-width: 1920px) 100vw, 1920px\" \/>\t\t\t\t\t\t\t\t\t\t\t<\/block>\n\t\t\t<\/div>\n\t\t\t<div class=\"section-heading col-span-14\">\n\t\t\t\t<div class=\"grid grid-cols-14 items-end\">\n\t\t\t\t\t<div class=\"col-start-1 col-span-14 lg:col-start-1 lg:col-span-6\">\n\t\t\t\t\t\t<div class=\"bg-floor pt-[47px] px-[29px] pb-[35px] lg:pb-0 lg:pr-0 lg:pl-[104px] lg:pt-[17px] relative\">\n\t\t\t\t\t\t\t<div class=\"hidden lg:block\">\n\t\t\t\t\t\t\t\t<nav aria-label=\"breadcrumbs\" class=\"rank-math-breadcrumb\"><p><span class=\"last\">Home<\/span><\/p><\/nav>\t\t\t\t\t\t\t<\/div>\n\t\t\t\t\t\t\t\t\t\t\t\t\t\t\t<h1 class=\"heading-1 relative z-10 max-w-[292px] lg:max-w-[502px] lg:pt-[52px] uppercase text-sun\">\n\t\t\t\t\t\t\t\t\tUser manuals &#038; tutorials\t\t\t\t\t\t\t\t<\/h1>\n\t\t\t\t\t\t\t\t<img loading=\"lazy\" decoding=\"async\" width=\"720\" height=\"677\" src=\"https:\/\/www.goguette.com\/wp-content\/uploads\/2023\/11\/cave-vin-venir-voir-magasin-trouver-un-vendeur-goguette.png\" class=\"absolute top-0 z-0 md:z-50 max-w-[264px] right-0 lg:relative lg:max-w-[400px] lg:transform -translate-y-[60px] lg:max-h-[370px] object-contain\" alt=\"Illustration of a wine cellar, inviting customers to visit the store and meet a wine advisor.\" srcset=\"https:\/\/www.goguette.com\/wp-content\/uploads\/2023\/11\/cave-vin-venir-voir-magasin-trouver-un-vendeur-goguette.png 720w, https:\/\/www.goguette.com\/wp-content\/uploads\/2023\/11\/cave-vin-venir-voir-magasin-trouver-un-vendeur-goguette-300x282.png 300w\" sizes=\"auto, (max-width: 720px) 100vw, 720px\" \/>\t\t\t\t\t\t<\/div>\n\t\t\t\t\t<\/div>\n\t\t\t\t\t<div class=\"relative col-start-1 col-span-14 lg:col-start-7 lg:col-span-8\">\n\t\t\t\t\t\t<div class=\"bg-floor pb-[40px] px-[29px] lg:pr-0 pt-[26px] lg:pt-[87px] lg:pb-[72px] flex items-end\">\n\t\t\t\t\t\t\t\t\t\t\t\t\t\t\t<h2 class=\"style__text--28 lg:!leading-[37.8px] text-sun lg:max-w-[605px]\">\n\t\t\t\t\t\t\t\t\t<p>&nbsp;<\/p>\n<p>&nbsp;<\/p>\n<p>&nbsp;<\/p>\n\t\t\t\t\t\t\t\t<\/h2>\n\t\t\t\t\t\t\t\t\t\t\t\t\t<\/div>\n\t\t\t\t\t<\/div>\n\t\t\t\t<\/div>\n\t\t\t<\/div>\n\t\t<\/div>\n\t<\/block>\n\n\n\t\t<!-- Rich text -->\n\t<div class=\"col-span-14\">\n\t\t<block \n\t\t\tid=\"\"\n\t\t\tclass=\"texte-riche py-[52px] lg:pt-[69px] block lg:pb-[52px]\"\n\t\t\tstyle=\"background-color:#F1C8C9\">\n\t\t\t<div class=\"grid grid-cols-14\">\n\t\t\t\t\t\t\t\t\t\t\t<div class=\"col-start-2 col-span-12 lg:col-start-3 lg:col-span-3\">\n\t\t\t\t\t\t\t\t<h2 class=\"heading-3 uppercase pb-[24px] lg:pb-0\" style=\"color: #2D3A49\">\n\t\t\t\t\t\t\t\t\tUser manuals\t\t\t\t\t\t\t\t<\/h2>\n\t\t\t\t\t\t\t<\/div>\n\t\t\t\t\t\t\t\t\t\t\t\t\t\t\t<div class=\"col-start-2 col-span-12 lg:col-start-8 xl:col-start-7 lg:col-span-6\">\n\t\t\t\t\t\t\t\t\t<p><strong>Find the instruction manuals for your Goguette wine fridge.<\/strong><br \/>\nWhether you want to familiarize yourself with the use of your fridge or you have misplaced your manual, download the document you are looking for here.<\/p>\n<p>&nbsp;<\/p>\n<p><span class=\"button-wysiwyg\" style=\"color: #c83f33;\"><a style=\"color: #c83f33;\" href=\"https:\/\/www.goguette.com\/en\/user-manuals\/\">Downloads<\/a><\/span><\/p>\n\t\t\t\t\t\t\t\t<\/div>\n\t\t\t\t\t\t\t\t\t\t<\/div>\n\t\t<\/block>\n\t<\/div>\n\n\n\t<!-- Transition -->\n\t<div class=\"col-span-14\">\n\t\t<block id=\"\" class=\"transition\">\n\t\t\t<img loading=\"lazy\" decoding=\"async\" width=\"1920\" height=\"375\" src=\"https:\/\/www.goguette.com\/wp-content\/uploads\/2023\/12\/cave-cuisine-preparation-repas-goguette-transition-gum.jpg\" class=\"h-full max-h-[220px] lg:max-h-[375px] object-cover w-full\" alt=\"Wine fridge integrated into a convivial kitchen to accompany meal preparation.\" srcset=\"https:\/\/www.goguette.com\/wp-content\/uploads\/2023\/12\/cave-cuisine-preparation-repas-goguette-transition-gum.jpg 1920w, https:\/\/www.goguette.com\/wp-content\/uploads\/2023\/12\/cave-cuisine-preparation-repas-goguette-transition-gum-300x59.jpg 300w, https:\/\/www.goguette.com\/wp-content\/uploads\/2023\/12\/cave-cuisine-preparation-repas-goguette-transition-gum-1024x200.jpg 1024w, https:\/\/www.goguette.com\/wp-content\/uploads\/2023\/12\/cave-cuisine-preparation-repas-goguette-transition-gum-768x150.jpg 768w, https:\/\/www.goguette.com\/wp-content\/uploads\/2023\/12\/cave-cuisine-preparation-repas-goguette-transition-gum-1536x300.jpg 1536w\" sizes=\"auto, (max-width: 1920px) 100vw, 1920px\" \/>\t\t<\/block>\n\t<\/div>\n\n\n\t\t<!-- Rich text -->\n\t<div class=\"col-span-14\">\n\t\t<block \n\t\t\tid=\"\"\n\t\t\tclass=\"texte-riche py-[52px] lg:pt-[69px] block lg:pb-[52px]\"\n\t\t\tstyle=\"background-color:#F2F0EA\">\n\t\t\t<div class=\"grid grid-cols-14\">\n\t\t\t\t\t\t\t\t\t\t\t<div class=\"col-start-2 col-span-12 lg:col-start-3 lg:col-span-3\">\n\t\t\t\t\t\t\t\t<h2 class=\"heading-3 uppercase pb-[24px] lg:pb-0\" style=\"color: #2D3A49\">\n\t\t\t\t\t\t\t\t\tTutorials\t\t\t\t\t\t\t\t<\/h2>\n\t\t\t\t\t\t\t<\/div>\n\t\t\t\t\t\t\t\t\t\t\t\t\t\t\t<div class=\"col-start-2 col-span-12 lg:col-start-8 xl:col-start-7 lg:col-span-6\">\n\t\t\t\t\t\t\t\t\t<p><strong>To help you use your Goguette wine fridge<\/strong>, we\u2019ve prepared step-by-step video guides.<\/p>\n<p>&nbsp;<\/p>\n<p><span class=\"button-wysiwyg\" style=\"color: #c83f33;\"><a style=\"color: #c83f33;\" href=\"https:\/\/www.goguette.com\/en\/goguette-tutorial\/\">Watch the tutorials<\/a><\/span><\/p>\n\t\t\t\t\t\t\t\t<\/div>\n\t\t\t\t\t\t\t\t\t\t<\/div>\n\t\t<\/block>\n\t<\/div>\n\n\n\t<!-- Transition -->\n\t<div class=\"col-span-14\">\n\t\t<block id=\"\" class=\"transition\">\n\t\t\t<img loading=\"lazy\" decoding=\"async\" width=\"1920\" height=\"375\" src=\"https:\/\/www.goguette.com\/wp-content\/uploads\/2023\/12\/petite-cave-cuisine-decoration-blanche-goguette-transition.jpg\" class=\"h-full max-h-[220px] lg:max-h-[375px] object-cover w-full\" alt=\"Built-in wine fridge integrated into a modern living room cabinet, blending seamlessly with the interior design.\" srcset=\"https:\/\/www.goguette.com\/wp-content\/uploads\/2023\/12\/petite-cave-cuisine-decoration-blanche-goguette-transition.jpg 1920w, https:\/\/www.goguette.com\/wp-content\/uploads\/2023\/12\/petite-cave-cuisine-decoration-blanche-goguette-transition-300x59.jpg 300w, https:\/\/www.goguette.com\/wp-content\/uploads\/2023\/12\/petite-cave-cuisine-decoration-blanche-goguette-transition-1024x200.jpg 1024w, https:\/\/www.goguette.com\/wp-content\/uploads\/2023\/12\/petite-cave-cuisine-decoration-blanche-goguette-transition-768x150.jpg 768w, https:\/\/www.goguette.com\/wp-content\/uploads\/2023\/12\/petite-cave-cuisine-decoration-blanche-goguette-transition-1536x300.jpg 1536w\" sizes=\"auto, (max-width: 1920px) 100vw, 1920px\" \/>\t\t<\/block>\n\t<\/div>\n\n\n\t<!-- Cross Content -->\n\t<div class=\"relative col-span-14\">\n\t\t<section id=\"\" class=\"bg-poussin pt-[54px] pb-[91px] md:pt-[115px] md:pb-[103px]\">\n\t\t\t<div class=\"grid grid-cols-14 gap-x-5\">\n\t\t\t\t<div class=\"col-start-2 col-span-12 md:col-start-2 md:col-span-4\">\n\t\t\t\t\t\t\t\t\t\t\t<h3 class=\"font-satoshi flex text-[40px] leading-none lg:text-[60px] font-bold lg:leading-[52.5px] max-w-[292px] lg:max-w-full md:pb-[25px] text-grape uppercase\">\n\t\t\t\t\t\t\tSee or review our wine fridges\t\t\t\t\t\t<\/h3>\n\t\t\t\t\t\t\t\t\t\t\t\t\t\t\t\t<p class=\"text-grape pt-[19px] md:pt-0 style__text--18\">\n\t\t\t\t\t\t\tDiscover all our wine fridge models, or check out our guide to help you choose the wine fridge that best suits your business and needs.\t\t\t\t\t\t<\/p>\n\t\t\t\t\t\t\t\t\t<\/div>\n\t\t\t\t<div class=\"col-start-2 col-span-12 md:col-start-6 md:col-span-9\">\n\t\t\t\t\t<div class=\"pt-[37px] md:pt-0 grid gap-y-[44px] md:gap-y-[78px] md:gap-x-16 md:grid-cols-9\">\n\t\t\t\t\t\t\t\t\t\t\t\t\t\t<div class=\"md:col-span-4\">\n\t\t\t\t\t\t\t\t\t<div class=\"is-fade group relative border-b border-solid border-b-grape max-w-[398px] mx-auto\">\n\t\t\t\t\t\t\t\t\t\t\t\t\t\t\t\t\t\t\t\t\t<div class=\"overflow-hidden relative w-[332px] h-[312px] md:w-[200px] md:h-[175px] lg:w-[300px] lg:h-[275px] xl:w-[398px] xl:h-[374px]\">\n\t\t\t\t\t\t\t\t\t\t\t\t<img loading=\"lazy\" decoding=\"async\" width=\"398\" height=\"374\" src=\"https:\/\/www.goguette.com\/wp-content\/uploads\/2023\/12\/cave-a-vin-comment-choisir-la-meilleure-en-fonction-de-ses-besoins-goguette-cross.jpg\" class=\"h-full w-full absolute top-0 left-0 object-cover group-hover:scale-110 transition-transform duration-700 ease-accelerate\" alt=\"Three people chat over a meal\" srcset=\"https:\/\/www.goguette.com\/wp-content\/uploads\/2023\/12\/cave-a-vin-comment-choisir-la-meilleure-en-fonction-de-ses-besoins-goguette-cross.jpg 398w, https:\/\/www.goguette.com\/wp-content\/uploads\/2023\/12\/cave-a-vin-comment-choisir-la-meilleure-en-fonction-de-ses-besoins-goguette-cross-300x282.jpg 300w\" sizes=\"auto, (max-width: 398px) 100vw, 398px\" \/>\t\t\t\t\t\t\t\t\t\t\t<\/div>\n\t\t\t\t\t\t\t\t\t\t\t\t\t\t\t\t\t\t\t\t\t\t<div class=\"flex gap-3 justify-between w-full pt-[16px] pb-[18px] md:pt-[18px] md:pb-[30px] items-end\">\n\t\t\t\t\t\t\t\t\t\t\t\t<h4 class=\"heading-4 text-grape uppercase\">\n\t\t\t\t\t\t\t\t\t\t\t\t\tChoose your Goguette\t\t\t\t\t\t\t\t\t\t\t\t<\/h4>\n\t\t\t\t\t\t\t\t\t\t\t\t<svg class=\"transform transition-transform duration-500 w-[20px] h-[15px] lg:w-[24px] lg:h-[24px] ease-accelerate group-hover:rotate-45 translate-y-[-3px]\" width=\"24\" height=\"24\" viewBox=\"0 0 24 24\" fill=\"none\" xmlns=\"http:\/\/www.w3.org\/2000\/svg\">\n\t\t\t\t\t\t\t\t\t\t\t\t\t<rect y=\"3.69238\" width=\"3.69231\" height=\"24\" transform=\"rotate(-90 0 3.69238)\" fill=\"#2D3A49\"\/>\n\t\t\t\t\t\t\t\t\t\t\t\t\t<rect x=\"24\" y=\"24\" width=\"3.69231\" height=\"24\" transform=\"rotate(180 24 24)\" fill=\"#2D3A49\"\/>\n\t\t\t\t\t\t\t\t\t\t\t\t\t<rect x=\"2.74707\" y=\"23.8633\" width=\"3.69231\" height=\"29.0281\" transform=\"rotate(-135 2.74707 23.8633)\" fill=\"#2D3A49\"\/>\n\t\t\t\t\t\t\t\t\t\t\t\t<\/svg>\n\t\t\t\t\t\t\t\t\t\t\t<\/div>\n\t\t\t\t\t\t\t\t\t\t\t\t\t\t\t\t\t\t\t\t\t\t<div class=\"style__text--18 pb-[30px] text-grape\">\n\t\t\t\t\t\t\t\t\t\t\t\tWe ask you the three essential questions to find the wine fridge that suits you best among our different models.\t\t\t\t\t\t\t\t\t\t\t<\/div>\n\t\t\t\t\t\t\t\t\t\t\t\t\t\t\t\t\t\t\t\t\t\t<a class=\"absolute top-0 left-0 w-full h-full z-10\" href=\"\/en\/how-to-choose-a-wine-fridge\/\" target=\"_self\"><\/a>\n\t\t\t\t\t\t\t\t\t\t\t\t\t\t\t\t\t\t\t<\/div>\n\t\t\t\t\t\t\t\t<\/div>\n\t\t\t\t\t\t\t\t\t\t\t\t\t\t\t\t<div class=\"md:col-span-4\">\n\t\t\t\t\t\t\t\t\t<div class=\"is-fade group relative border-b border-solid border-b-grape max-w-[398px] mx-auto\">\n\t\t\t\t\t\t\t\t\t\t\t\t\t\t\t\t\t\t\t\t\t<div class=\"overflow-hidden relative w-[332px] h-[312px] md:w-[200px] md:h-[175px] lg:w-[300px] lg:h-[275px] xl:w-[398px] xl:h-[374px]\">\n\t\t\t\t\t\t\t\t\t\t\t\t<img loading=\"lazy\" decoding=\"async\" width=\"398\" height=\"374\" src=\"https:\/\/www.goguette.com\/wp-content\/uploads\/2023\/12\/cave-a-vin-tous-les-modeles-toutes-les-contenances-goguette-cross-1.jpg\" class=\"h-full w-full absolute top-0 left-0 object-cover group-hover:scale-110 transition-transform duration-700 ease-accelerate\" alt=\"Design wine fridge available in various models and capacities, suitable for all wine storage and serving needs.\" srcset=\"https:\/\/www.goguette.com\/wp-content\/uploads\/2023\/12\/cave-a-vin-tous-les-modeles-toutes-les-contenances-goguette-cross-1.jpg 398w, https:\/\/www.goguette.com\/wp-content\/uploads\/2023\/12\/cave-a-vin-tous-les-modeles-toutes-les-contenances-goguette-cross-1-300x282.jpg 300w\" sizes=\"auto, (max-width: 398px) 100vw, 398px\" \/>\t\t\t\t\t\t\t\t\t\t\t<\/div>\n\t\t\t\t\t\t\t\t\t\t\t\t\t\t\t\t\t\t\t\t\t\t<div class=\"flex gap-3 justify-between w-full pt-[16px] pb-[18px] md:pt-[18px] md:pb-[30px] items-end\">\n\t\t\t\t\t\t\t\t\t\t\t\t<h4 class=\"heading-4 text-grape uppercase\">\n\t\t\t\t\t\t\t\t\t\t\t\t\tThe Goguette design\t\t\t\t\t\t\t\t\t\t\t\t<\/h4>\n\t\t\t\t\t\t\t\t\t\t\t\t<svg class=\"transform transition-transform duration-500 w-[20px] h-[15px] lg:w-[24px] lg:h-[24px] ease-accelerate group-hover:rotate-45 translate-y-[-3px]\" width=\"24\" height=\"24\" viewBox=\"0 0 24 24\" fill=\"none\" xmlns=\"http:\/\/www.w3.org\/2000\/svg\">\n\t\t\t\t\t\t\t\t\t\t\t\t\t<rect y=\"3.69238\" width=\"3.69231\" height=\"24\" transform=\"rotate(-90 0 3.69238)\" fill=\"#2D3A49\"\/>\n\t\t\t\t\t\t\t\t\t\t\t\t\t<rect x=\"24\" y=\"24\" width=\"3.69231\" height=\"24\" transform=\"rotate(180 24 24)\" fill=\"#2D3A49\"\/>\n\t\t\t\t\t\t\t\t\t\t\t\t\t<rect x=\"2.74707\" y=\"23.8633\" width=\"3.69231\" height=\"29.0281\" transform=\"rotate(-135 2.74707 23.8633)\" fill=\"#2D3A49\"\/>\n\t\t\t\t\t\t\t\t\t\t\t\t<\/svg>\n\t\t\t\t\t\t\t\t\t\t\t<\/div>\n\t\t\t\t\t\t\t\t\t\t\t\t\t\t\t\t\t\t\t\t\t\t<div class=\"style__text--18 pb-[30px] text-grape\">\n\t\t\t\t\t\t\t\t\t\t\t\tFind out how Goguette wine fridges stand out and become true decorative pieces.\t\t\t\t\t\t\t\t\t\t\t<\/div>\n\t\t\t\t\t\t\t\t\t\t\t\t\t\t\t\t\t\t\t\t\t\t<a class=\"absolute top-0 left-0 w-full h-full z-10\" href=\"\/en\/our-wine-fridge\/wine-cooler-design\/\" target=\"_self\"><\/a>\n\t\t\t\t\t\t\t\t\t\t\t\t\t\t\t\t\t\t\t<\/div>\n\t\t\t\t\t\t\t\t<\/div>\n\t\t\t\t\t\t\t\t\t\t\t\t\t<\/div>\n\t\t\t\t<\/div>\n\t\t\t<\/div>\n\t\t<\/section>\n\t<\/div>\n","protected":false},"excerpt":{"rendered":"","protected":false},"author":2,"featured_media":0,"parent":0,"menu_order":0,"comment_status":"closed","ping_status":"closed","template":"","meta":{"_acf_changed":false,"footnotes":""},"class_list":["post-9941","page","type-page","status-publish","hentry"],"acf":[],"_links":{"self":[{"href":"https:\/\/www.goguette.com\/en\/wp-json\/wp\/v2\/pages\/9941","targetHints":{"allow":["GET"]}}],"collection":[{"href":"https:\/\/www.goguette.com\/en\/wp-json\/wp\/v2\/pages"}],"about":[{"href":"https:\/\/www.goguette.com\/en\/wp-json\/wp\/v2\/types\/page"}],"author":[{"embeddable":true,"href":"https:\/\/www.goguette.com\/en\/wp-json\/wp\/v2\/users\/2"}],"replies":[{"embeddable":true,"href":"https:\/\/www.goguette.com\/en\/wp-json\/wp\/v2\/comments?post=9941"}],"version-history":[{"count":2,"href":"https:\/\/www.goguette.com\/en\/wp-json\/wp\/v2\/pages\/9941\/revisions"}],"predecessor-version":[{"id":9952,"href":"https:\/\/www.goguette.com\/en\/wp-json\/wp\/v2\/pages\/9941\/revisions\/9952"}],"wp:attachment":[{"href":"https:\/\/www.goguette.com\/en\/wp-json\/wp\/v2\/media?parent=9941"}],"curies":[{"name":"wp","href":"https:\/\/api.w.org\/{rel}","templated":true}]}}